{"id":10,"date":"2019-03-07T22:00:43","date_gmt":"2019-03-07T21:00:43","guid":{"rendered":"http:\/\/www.isetopi.com\/idfacultkaisetop\/?page_id=10"},"modified":"2019-03-11T22:54:14","modified_gmt":"2019-03-11T21:54:14","slug":"commeuneenviedailleurs","status":"publish","type":"page","link":"https:\/\/www.isetopi.com\/idfacultkaisetop\/index.php\/commeuneenviedailleurs\/","title":{"rendered":"Comme une envie d&rsquo;ailleurs"},"content":{"rendered":"<p>Tout est parti d&rsquo;une envie de faire plus et diff\u00e9rents des autres. Isetopi et plus qu&rsquo;un concept mais un mode de vie. Utiliser des mat\u00e9riaux qui sortent de leurs utilisations de base pour en faire des objets unique ou des am\u00e9nagement hors du commun. Mobiliers, am\u00e9nagements int\u00e9rieurs ou ext\u00e9rieurs, travaux de r\u00e9novation n\u2019h\u00e9sitez plus! Vous avez une id\u00e9e mais vous ne savez pas comment vous y prendre?\u00a0<\/p>\n\n\n<div class=\"wp-block-cover\" style=\"background-image:url(http:\/\/www.isetopi.com\/idfacultkaisetop\/wp-content\/uploads\/2019\/03\/charcoal-84670.jpg)\"><p class=\"wp-block-cover-text\">\n\nIsetopi est la pour vous servir devis gratuit et plan pour vous aider \u00e0 imaginer votre futur chez vous.\n\n<\/p><\/div>\n","protected":false},"excerpt":{"rendered":"<p>Tout est parti d&rsquo;une envie de faire plus et diff\u00e9rents des autres. Isetopi et plus qu&rsquo;un concept mais un mode de vie. Utiliser des mat\u00e9riaux qui sortent de leurs utilisations de base pour en faire des objets unique ou des am\u00e9nagement hors du commun. Mobiliers, am\u00e9nagements int\u00e9rieurs ou ext\u00e9rieurs, travaux de r\u00e9novation n\u2019h\u00e9sitez plus! Vous &hellip; <\/p>\n<p class=\"link-more\"><a href=\"https:\/\/www.isetopi.com\/idfacultkaisetop\/index.php\/commeuneenviedailleurs\/\" class=\"more-link\">Continuer la lecture<span class=\"screen-reader-text\"> de &laquo;&nbsp;Comme une envie d&rsquo;ailleurs&nbsp;&raquo;<\/span><\/a><\/p>\n","protected":false},"author":1,"featured_media":37,"parent":0,"menu_order":13,"comment_status":"closed","ping_status":"closed","template":"","meta":[],"yoast_head":"<!-- This site is optimized with the Yoast SEO plugin v15.9 - https:\/\/yoast.com\/wordpress\/plugins\/seo\/ -->\n<title>Comme une envie d&#039;ailleurs - ISETOPI<\/title>\n<meta name=\"robots\" content=\"index, follow, max-snippet:-1, max-image-preview:large, max-video-preview:-1\" \/>\n<link rel=\"canonical\" href=\"https:\/\/www.isetopi.com\/idfacultkaisetop\/index.php\/commeuneenviedailleurs\/\" \/>\n<meta property=\"og:locale\" content=\"fr_FR\" \/>\n<meta property=\"og:type\" content=\"article\" \/>\n<meta property=\"og:title\" content=\"Comme une envie d&#039;ailleurs - ISETOPI\" \/>\n<meta property=\"og:description\" content=\"Tout est parti d&rsquo;une envie de faire plus et diff\u00e9rents des autres. Isetopi et plus qu&rsquo;un concept mais un mode de vie. Utiliser des mat\u00e9riaux qui sortent de leurs utilisations de base pour en faire des objets unique ou des am\u00e9nagement hors du commun. Mobiliers, am\u00e9nagements int\u00e9rieurs ou ext\u00e9rieurs, travaux de r\u00e9novation n\u2019h\u00e9sitez plus! Vous &hellip; Continuer la lecture de &laquo;&nbsp;Comme une envie d&rsquo;ailleurs&nbsp;&raquo;\" \/>\n<meta property=\"og:url\" content=\"https:\/\/www.isetopi.com\/idfacultkaisetop\/index.php\/commeuneenviedailleurs\/\" \/>\n<meta property=\"og:site_name\" content=\"ISETOPI\" \/>\n<meta property=\"article:modified_time\" content=\"2019-03-11T21:54:14+00:00\" \/>\n<meta property=\"og:image\" content=\"https:\/\/www.isetopi.com\/idfacultkaisetop\/wp-content\/uploads\/2019\/03\/woodworking-691329.jpg\" \/>\n\t<meta property=\"og:image:width\" content=\"2627\" \/>\n\t<meta property=\"og:image:height\" content=\"1596\" \/>\n<meta name=\"twitter:card\" content=\"summary_large_image\" \/>\n<script type=\"application\/ld+json\" class=\"yoast-schema-graph\">{\"@context\":\"https:\/\/schema.org\",\"@graph\":[{\"@type\":\"WebSite\",\"@id\":\"https:\/\/www.isetopi.com\/idfacultkaisetop\/#website\",\"url\":\"https:\/\/www.isetopi.com\/idfacultkaisetop\/\",\"name\":\"ISETOPI\",\"description\":\"Un site utilisant WordPress\",\"potentialAction\":[{\"@type\":\"SearchAction\",\"target\":\"https:\/\/www.isetopi.com\/idfacultkaisetop\/?s={search_term_string}\",\"query-input\":\"required name=search_term_string\"}],\"inLanguage\":\"fr-FR\"},{\"@type\":\"ImageObject\",\"@id\":\"https:\/\/www.isetopi.com\/idfacultkaisetop\/index.php\/commeuneenviedailleurs\/#primaryimage\",\"inLanguage\":\"fr-FR\",\"url\":\"https:\/\/www.isetopi.com\/idfacultkaisetop\/wp-content\/uploads\/2019\/03\/woodworking-691329.jpg\",\"width\":2627,\"height\":1596},{\"@type\":\"WebPage\",\"@id\":\"https:\/\/www.isetopi.com\/idfacultkaisetop\/index.php\/commeuneenviedailleurs\/#webpage\",\"url\":\"https:\/\/www.isetopi.com\/idfacultkaisetop\/index.php\/commeuneenviedailleurs\/\",\"name\":\"Comme une envie d'ailleurs - ISETOPI\",\"isPartOf\":{\"@id\":\"https:\/\/www.isetopi.com\/idfacultkaisetop\/#website\"},\"primaryImageOfPage\":{\"@id\":\"https:\/\/www.isetopi.com\/idfacultkaisetop\/index.php\/commeuneenviedailleurs\/#primaryimage\"},\"datePublished\":\"2019-03-07T21:00:43+00:00\",\"dateModified\":\"2019-03-11T21:54:14+00:00\",\"breadcrumb\":{\"@id\":\"https:\/\/www.isetopi.com\/idfacultkaisetop\/index.php\/commeuneenviedailleurs\/#breadcrumb\"},\"inLanguage\":\"fr-FR\",\"potentialAction\":[{\"@type\":\"ReadAction\",\"target\":[\"https:\/\/www.isetopi.com\/idfacultkaisetop\/index.php\/commeuneenviedailleurs\/\"]}]},{\"@type\":\"BreadcrumbList\",\"@id\":\"https:\/\/www.isetopi.com\/idfacultkaisetop\/index.php\/commeuneenviedailleurs\/#breadcrumb\",\"itemListElement\":[{\"@type\":\"ListItem\",\"position\":1,\"item\":{\"@type\":\"WebPage\",\"@id\":\"https:\/\/www.isetopi.com\/idfacultkaisetop\/\",\"url\":\"https:\/\/www.isetopi.com\/idfacultkaisetop\/\",\"name\":\"Accueil\"}},{\"@type\":\"ListItem\",\"position\":2,\"item\":{\"@type\":\"WebPage\",\"@id\":\"https:\/\/www.isetopi.com\/idfacultkaisetop\/index.php\/commeuneenviedailleurs\/\",\"url\":\"https:\/\/www.isetopi.com\/idfacultkaisetop\/index.php\/commeuneenviedailleurs\/\",\"name\":\"Comme une envie d&rsquo;ailleurs\"}}]}]}<\/script>\n<!-- \/ Yoast SEO plugin. -->","_links":{"self":[{"href":"https:\/\/www.isetopi.com\/idfacultkaisetop\/index.php\/wp-json\/wp\/v2\/pages\/10"}],"collection":[{"href":"https:\/\/www.isetopi.com\/idfacultkaisetop\/index.php\/wp-json\/wp\/v2\/pages"}],"about":[{"href":"https:\/\/www.isetopi.com\/idfacultkaisetop\/index.php\/wp-json\/wp\/v2\/types\/page"}],"author":[{"embeddable":true,"href":"https:\/\/www.isetopi.com\/idfacultkaisetop\/index.php\/wp-json\/wp\/v2\/users\/1"}],"replies":[{"embeddable":true,"href":"https:\/\/www.isetopi.com\/idfacultkaisetop\/index.php\/wp-json\/wp\/v2\/comments?post=10"}],"version-history":[{"count":7,"href":"https:\/\/www.isetopi.com\/idfacultkaisetop\/index.php\/wp-json\/wp\/v2\/pages\/10\/revisions"}],"predecessor-version":[{"id":122,"href":"https:\/\/www.isetopi.com\/idfacultkaisetop\/index.php\/wp-json\/wp\/v2\/pages\/10\/revisions\/122"}],"wp:featuredmedia":[{"embeddable":true,"href":"https:\/\/www.isetopi.com\/idfacultkaisetop\/index.php\/wp-json\/wp\/v2\/media\/37"}],"wp:attachment":[{"href":"https:\/\/www.isetopi.com\/idfacultkaisetop\/index.php\/wp-json\/wp\/v2\/media?parent=10"}],"curies":[{"name":"wp","href":"https:\/\/api.w.org\/{rel}","templated":true}]}}