{"id":9,"date":"2019-03-07T22:00:43","date_gmt":"2019-03-07T21:00:43","guid":{"rendered":"http:\/\/www.isetopi.com\/idfacultkaisetop\/?page_id=9"},"modified":"2021-03-02T10:06:17","modified_gmt":"2021-03-02T09:06:17","slug":"accueil","status":"publish","type":"page","link":"https:\/\/www.isetopi.com\/idfacultkaisetop\/","title":{"rendered":"Accueil"},"content":{"rendered":"\t\t<div data-elementor-type=\"wp-page\" data-elementor-id=\"9\" class=\"elementor elementor-9\" data-elementor-settings=\"[]\">\n\t\t\t\t\t\t<div class=\"elementor-inner\">\n\t\t\t\t\t\t\t<div class=\"elementor-section-wrap\">\n\t\t\t\t\t\t\t<section class=\"elementor-section elementor-top-section elementor-element elementor-element-6a2997cb elementor-section-boxed elementor-section-height-default elementor-section-height-default\" data-id=\"6a2997cb\" data-element_type=\"section\">\n\t\t\t\t\t\t<div class=\"elementor-container elementor-column-gap-default\">\n\t\t\t\t\t\t\t<div class=\"elementor-row\">\n\t\t\t\t\t<div class=\"elementor-column elementor-col-100 elementor-top-column elementor-element elementor-element-6b793c77\" data-id=\"6b793c77\" data-element_type=\"column\">\n\t\t\t<div class=\"elementor-column-wrap elementor-element-populated\">\n\t\t\t\t\t\t\t<div class=\"elementor-widget-wrap\">\n\t\t\t\t\t\t<div class=\"elementor-element elementor-element-1f3e57a6 elementor-widget elementor-widget-text-editor\" data-id=\"1f3e57a6\" data-element_type=\"widget\" data-widget_type=\"text-editor.default\">\n\t\t\t\t<div class=\"elementor-widget-container\">\n\t\t\t\t\t<div class=\"elementor-text-editor elementor-clearfix\"><h4><span class=\"police-AvantGardeBTBook\"><strong>Isetopi<\/strong><\/span><\/h4>\n<p><!-- wp:paragraph {\"align\":\"left\"} --><\/p>\n<ul>\n<li>est le partenaire id\u00e9al pour faire de votre espace de vie un lieu de bien-\u00eatre, de confort original et sur mesure<\/li>\n<li>Nous sauront vous guider pas \u00e0 pas dans vos projets en r\u00e9novation et nous rendre disponible \u00e0 tout instant\u2026<\/li>\n<\/ul>\n<p><!-- \/wp:paragraph --><\/p>\n<p><!-- wp:paragraph --><\/p>\n<p><!-- \/wp:paragraph --><\/p>\n<p><!-- wp:cover {\"url\":\"http:\/\/www.isetopi.com\/idfacultkaisetop\/wp-content\/uploads\/2019\/03\/board-1846972.jpg\",\"align\":\"center\",\"id\":91,\"dimRatio\":10} --><\/p>\n<p><!-- \/wp:cover --><\/p><\/div>\n\t\t\t\t<\/div>\n\t\t\t\t<\/div>\n\t\t\t\t\t\t<\/div>\n\t\t\t\t\t<\/div>\n\t\t<\/div>\n\t\t\t\t\t\t\t\t<\/div>\n\t\t\t\t\t<\/div>\n\t\t<\/section>\n\t\t\t\t<section class=\"elementor-section elementor-top-section elementor-element elementor-element-7ec2599 elementor-section-boxed elementor-section-height-default elementor-section-height-default\" data-id=\"7ec2599\" data-element_type=\"section\">\n\t\t\t\t\t\t<div class=\"elementor-container elementor-column-gap-default\">\n\t\t\t\t\t\t\t<div class=\"elementor-row\">\n\t\t\t\t\t<div class=\"elementor-column elementor-col-100 elementor-top-column elementor-element elementor-element-f9c090d\" data-id=\"f9c090d\" data-element_type=\"column\">\n\t\t\t<div class=\"elementor-column-wrap elementor-element-populated\">\n\t\t\t\t\t\t\t<div class=\"elementor-widget-wrap\">\n\t\t\t\t\t\t<section class=\"elementor-section elementor-inner-section elementor-element elementor-element-90215a2 elementor-section-boxed elementor-section-height-default elementor-section-height-default\" data-id=\"90215a2\" data-element_type=\"section\">\n\t\t\t\t\t\t<div class=\"elementor-container elementor-column-gap-wide\">\n\t\t\t\t\t\t\t<div class=\"elementor-row\">\n\t\t\t\t\t<div class=\"elementor-column elementor-col-50 elementor-inner-column elementor-element elementor-element-7ca5582\" data-id=\"7ca5582\" data-element_type=\"column\">\n\t\t\t<div class=\"elementor-column-wrap elementor-element-populated\">\n\t\t\t\t\t\t\t<div class=\"elementor-widget-wrap\">\n\t\t\t\t\t\t<div class=\"elementor-element elementor-element-6a308e2 elementor-invisible elementor-widget elementor-widget-text-editor\" data-id=\"6a308e2\" data-element_type=\"widget\" data-settings=\"{&quot;_animation&quot;:&quot;fadeIn&quot;}\" data-widget_type=\"text-editor.default\">\n\t\t\t\t<div class=\"elementor-widget-container\">\n\t\t\t\t\t<div class=\"elementor-text-editor elementor-clearfix\"><h1><span style=\"color: #ff0000;\"><strong>Isetopi<\/strong><\/span><\/h1>\n<p style=\"text-align: center;\"><span style=\"color: #0000ff;\">vous accompagne dans la conception, la r\u00e9novation, l&rsquo;am\u00e9nagement et garanti un travail rigoureux et de qualit\u00e9.\u00a0<\/span><\/p>\n<p style=\"text-align: center;\"><span style=\"color: #0000ff;\">Nous sommes \u00e0 votre \u00e9coute pour r\u00e9aliser vos projets en conjuguant savoir faire, performance et confiance.<\/span><\/p><\/div>\n\t\t\t\t<\/div>\n\t\t\t\t<\/div>\n\t\t\t\t<div class=\"elementor-element elementor-element-c294671 elementor-widget elementor-widget-image\" data-id=\"c294671\" data-element_type=\"widget\" data-widget_type=\"image.default\">\n\t\t\t\t<div class=\"elementor-widget-container\">\n\t\t\t\t\t<div class=\"elementor-image\">\n\t\t\t\t\t\t\t\t\t\t<img src=\"https:\/\/www.isetopi.com\/idfacultkaisetop\/wp-content\/uploads\/2019\/03\/wood-877368.jpg\" title=\"wood-877368\" alt=\"wood-877368\" \/>\t\t\t\t\t\t\t\t\t\t\t<\/div>\n\t\t\t\t<\/div>\n\t\t\t\t<\/div>\n\t\t\t\t\t\t<\/div>\n\t\t\t\t\t<\/div>\n\t\t<\/div>\n\t\t\t\t<div class=\"elementor-column elementor-col-50 elementor-inner-column elementor-element elementor-element-11d3fff\" data-id=\"11d3fff\" data-element_type=\"column\">\n\t\t\t<div class=\"elementor-column-wrap elementor-element-populated\">\n\t\t\t\t\t\t\t<div class=\"elementor-widget-wrap\">\n\t\t\t\t\t\t<div class=\"elementor-element elementor-element-169d18f elementor-aspect-ratio-169 elementor-widget elementor-widget-video\" data-id=\"169d18f\" data-element_type=\"widget\" data-settings=\"{&quot;video_type&quot;:&quot;hosted&quot;,&quot;start&quot;:1,&quot;autoplay&quot;:&quot;yes&quot;,&quot;play_on_mobile&quot;:&quot;yes&quot;,&quot;loop&quot;:&quot;yes&quot;,&quot;controls&quot;:&quot;yes&quot;,&quot;aspect_ratio&quot;:&quot;169&quot;}\" data-widget_type=\"video.default\">\n\t\t\t\t<div class=\"elementor-widget-container\">\n\t\t\t\t\t<div class=\"e-hosted-video elementor-wrapper elementor-fit-aspect-ratio elementor-open-inline\">\n\t\t\t\t\t<video class=\"elementor-video\" src=\"http:\/\/www.isetopi.com\/idfacultkaisetop\/wp-content\/uploads\/2021\/03\/InShot_20210302_084547172.mp4#t=1\" autoplay=\"\" loop=\"\" controls=\"\" playsinline=\"\" controlsList=\"nodownload\"><\/video>\n\t\t\t\t<\/div>\n\t\t\t\t<\/div>\n\t\t\t\t<\/div>\n\t\t\t\t\t\t<\/div>\n\t\t\t\t\t<\/div>\n\t\t<\/div>\n\t\t\t\t\t\t\t\t<\/div>\n\t\t\t\t\t<\/div>\n\t\t<\/section>\n\t\t\t\t\t\t<\/div>\n\t\t\t\t\t<\/div>\n\t\t<\/div>\n\t\t\t\t\t\t\t\t<\/div>\n\t\t\t\t\t<\/div>\n\t\t<\/section>\n\t\t\t\t\t\t<\/div>\n\t\t\t\t\t\t<\/div>\n\t\t\t\t\t<\/div>\n\t\t","protected":false},"excerpt":{"rendered":"<p>Isetopi est le partenaire id\u00e9al pour faire de votre espace de vie un lieu de bien-\u00eatre, de confort original et sur mesure Nous sauront vous guider pas \u00e0 pas dans vos projets en r\u00e9novation et nous rendre disponible \u00e0 tout instant\u2026 Isetopi vous accompagne dans la conception, la r\u00e9novation, l&rsquo;am\u00e9nagement et garanti un travail rigoureux &hellip; <\/p>\n<p class=\"link-more\"><a href=\"https:\/\/www.isetopi.com\/idfacultkaisetop\/\" class=\"more-link\">Continuer la lecture<span class=\"screen-reader-text\"> de &laquo;&nbsp;Accueil&nbsp;&raquo;<\/span><\/a><\/p>\n","protected":false},"author":1,"featured_media":0,"parent":0,"menu_order":10,"comment_status":"closed","ping_status":"closed","template":"elementor_header_footer","meta":[],"yoast_head":"<!-- This site is optimized with the Yoast SEO plugin v15.9 - https:\/\/yoast.com\/wordpress\/plugins\/seo\/ -->\n<title>Accueil - ISETOPI<\/title>\n<meta name=\"robots\" content=\"index, follow, max-snippet:-1, max-image-preview:large, max-video-preview:-1\" \/>\n<link rel=\"canonical\" href=\"https:\/\/www.isetopi.com\/idfacultkaisetop\/\" \/>\n<meta property=\"og:locale\" content=\"fr_FR\" \/>\n<meta property=\"og:type\" content=\"article\" \/>\n<meta property=\"og:title\" content=\"Accueil - ISETOPI\" \/>\n<meta property=\"og:description\" content=\"Isetopi est le partenaire id\u00e9al pour faire de votre espace de vie un lieu de bien-\u00eatre, de confort original et sur mesure Nous sauront vous guider pas \u00e0 pas dans vos projets en r\u00e9novation et nous rendre disponible \u00e0 tout instant\u2026 Isetopi vous accompagne dans la conception, la r\u00e9novation, l&rsquo;am\u00e9nagement et garanti un travail rigoureux &hellip; Continuer la lecture de &laquo;&nbsp;Accueil&nbsp;&raquo;\" \/>\n<meta property=\"og:url\" content=\"https:\/\/www.isetopi.com\/idfacultkaisetop\/\" \/>\n<meta property=\"og:site_name\" content=\"ISETOPI\" \/>\n<meta property=\"article:modified_time\" content=\"2021-03-02T09:06:17+00:00\" \/>\n<meta property=\"og:image\" content=\"http:\/\/www.isetopi.com\/idfacultkaisetop\/wp-content\/uploads\/elementor\/thumbs\/wood-877368-o4qdnc14mzqu5hqk4k4pxa07m6wya4zjnfvby1etcw.jpg\" \/>\n<meta name=\"twitter:card\" content=\"summary_large_image\" \/>\n<meta name=\"twitter:label1\" content=\"Dur\u00e9e de lecture est.\">\n\t<meta name=\"twitter:data1\" content=\"1 minute\">\n<script type=\"application\/ld+json\" class=\"yoast-schema-graph\">{\"@context\":\"https:\/\/schema.org\",\"@graph\":[{\"@type\":\"WebSite\",\"@id\":\"https:\/\/www.isetopi.com\/idfacultkaisetop\/#website\",\"url\":\"https:\/\/www.isetopi.com\/idfacultkaisetop\/\",\"name\":\"ISETOPI\",\"description\":\"Un site utilisant WordPress\",\"potentialAction\":[{\"@type\":\"SearchAction\",\"target\":\"https:\/\/www.isetopi.com\/idfacultkaisetop\/?s={search_term_string}\",\"query-input\":\"required name=search_term_string\"}],\"inLanguage\":\"fr-FR\"},{\"@type\":\"ImageObject\",\"@id\":\"https:\/\/www.isetopi.com\/idfacultkaisetop\/#primaryimage\",\"inLanguage\":\"fr-FR\",\"url\":\"http:\/\/www.isetopi.com\/idfacultkaisetop\/wp-content\/uploads\/elementor\/thumbs\/wood-877368-o4qdnc14mzqu5hqk4k4pxa07m6wya4zjnfvby1etcw.jpg\"},{\"@type\":\"WebPage\",\"@id\":\"https:\/\/www.isetopi.com\/idfacultkaisetop\/#webpage\",\"url\":\"https:\/\/www.isetopi.com\/idfacultkaisetop\/\",\"name\":\"Accueil - ISETOPI\",\"isPartOf\":{\"@id\":\"https:\/\/www.isetopi.com\/idfacultkaisetop\/#website\"},\"primaryImageOfPage\":{\"@id\":\"https:\/\/www.isetopi.com\/idfacultkaisetop\/#primaryimage\"},\"datePublished\":\"2019-03-07T21:00:43+00:00\",\"dateModified\":\"2021-03-02T09:06:17+00:00\",\"breadcrumb\":{\"@id\":\"https:\/\/www.isetopi.com\/idfacultkaisetop\/#breadcrumb\"},\"inLanguage\":\"fr-FR\",\"potentialAction\":[{\"@type\":\"ReadAction\",\"target\":[\"https:\/\/www.isetopi.com\/idfacultkaisetop\/\"]}]},{\"@type\":\"BreadcrumbList\",\"@id\":\"https:\/\/www.isetopi.com\/idfacultkaisetop\/#breadcrumb\",\"itemListElement\":[{\"@type\":\"ListItem\",\"position\":1,\"item\":{\"@type\":\"WebPage\",\"@id\":\"https:\/\/www.isetopi.com\/idfacultkaisetop\/\",\"url\":\"https:\/\/www.isetopi.com\/idfacultkaisetop\/\",\"name\":\"Accueil\"}},{\"@type\":\"ListItem\",\"position\":2,\"item\":{\"@type\":\"WebPage\",\"@id\":\"https:\/\/www.isetopi.com\/idfacultkaisetop\/\",\"url\":\"https:\/\/www.isetopi.com\/idfacultkaisetop\/\",\"name\":\"Accueil\"}}]}]}<\/script>\n<!-- \/ Yoast SEO plugin. -->","_links":{"self":[{"href":"https:\/\/www.isetopi.com\/idfacultkaisetop\/index.php\/wp-json\/wp\/v2\/pages\/9"}],"collection":[{"href":"https:\/\/www.isetopi.com\/idfacultkaisetop\/index.php\/wp-json\/wp\/v2\/pages"}],"about":[{"href":"https:\/\/www.isetopi.com\/idfacultkaisetop\/index.php\/wp-json\/wp\/v2\/types\/page"}],"author":[{"embeddable":true,"href":"https:\/\/www.isetopi.com\/idfacultkaisetop\/index.php\/wp-json\/wp\/v2\/users\/1"}],"replies":[{"embeddable":true,"href":"https:\/\/www.isetopi.com\/idfacultkaisetop\/index.php\/wp-json\/wp\/v2\/comments?post=9"}],"version-history":[{"count":39,"href":"https:\/\/www.isetopi.com\/idfacultkaisetop\/index.php\/wp-json\/wp\/v2\/pages\/9\/revisions"}],"predecessor-version":[{"id":291,"href":"https:\/\/www.isetopi.com\/idfacultkaisetop\/index.php\/wp-json\/wp\/v2\/pages\/9\/revisions\/291"}],"wp:attachment":[{"href":"https:\/\/www.isetopi.com\/idfacultkaisetop\/index.php\/wp-json\/wp\/v2\/media?parent=9"}],"curies":[{"name":"wp","href":"https:\/\/api.w.org\/{rel}","templated":true}]}}